{"id":134,"date":"2024-07-04T16:02:43","date_gmt":"2024-07-04T16:02:43","guid":{"rendered":"https:\/\/www.auster.cz\/?page_id=134"},"modified":"2024-07-04T16:23:52","modified_gmt":"2024-07-04T16:23:52","slug":"taylorcraft-auster-mk-v-ok-bta-ex-raf-tw-384","status":"publish","type":"page","link":"https:\/\/www.auster.cz\/?page_id=134","title":{"rendered":"TAYLORCRAFT \u2013 AUSTER Mk.V\u00a0\u00a0OK \u2013 BTA \u00a0ex RAF TW 384\u00a0\u00a0"},"content":{"rendered":"\n<figure class=\"wp-block-image size-full is-resized\"><img loading=\"lazy\" decoding=\"async\" width=\"260\" height=\"260\" src=\"http:\/\/www.auster.cz\/wp-content\/uploads\/2024\/06\/image.png\" alt=\"\" class=\"wp-image-22\" style=\"width:135px;height:auto\" srcset=\"https:\/\/www.auster.cz\/wp-content\/uploads\/2024\/06\/image.png 260w, https:\/\/www.auster.cz\/wp-content\/uploads\/2024\/06\/image-150x150.png 150w\" sizes=\"auto, (max-width: 260px) 100vw, 260px\" \/><\/figure>\n\n\n\n<p><strong>OK &#8211; BTA &nbsp;ex RAF TW 384<\/strong><strong><\/strong><\/p>\n\n\n\n<p><strong>Tento Auster Mk.V<\/strong> byl vyroben\u00fd v roce 1945. Ve slu\u017eb\u00e1ch Royal Air Force &nbsp;slou\u017eil od srpna 1945 do listopadu 1953. Nejd\u0159\u00edve l\u00e9tal jako pozorovac\u00ed a fotografick\u00fd na testovac\u00ed b\u00e1zi RAF v Boscombe Down, posl\u00e9ze u 661. Squadrony RAF na leti\u0161ti v Kenley. (Na tomto leti\u0161ti v roce 1941 operovala i \u010desk\u00e1 312. st\u00edhac\u00ed peru\u0165). &nbsp;Od roku 1954 do roku 1972 l\u00e9tal tento Auster, s imatrikulac\u00ed G &#8211; ANHZ, v barv\u00e1ch v\u00fdznamn\u00e9 britsk\u00e9 leteck\u00e9 spole\u010dnosti Channel Airways ltd. Z t\u00e9to doby se dochovaly kompletn\u00ed palubn\u00ed den\u00edky.<\/p>\n\n\n\n<p>Letoun pro\u0161el v l\u00e9tech 1994 &#8211; 2008 ve \u0160v\u00fdcarsku n\u00e1ro\u010dnou renovac\u00ed. Je vybaven kompletn\u00ed sadou origin\u00e1ln\u00edch p\u0159\u00edstroj\u016f a osazen origin\u00e1ln\u00edm vojensk\u00fdm motorem &nbsp;Lycoming O 290-3 z roku 1945 o max. v\u00fdkonu 130 hp. Dvoulist\u00e1 d\u0159ev\u011bn\u00e1 vrtule je od dal\u0161\u00edho ji\u017e zanikl\u00e9ho &nbsp;britsk\u00e9ho v\u00fdrobce, firmy Horden Richmond. &nbsp;<\/p>\n\n\n\n<p><strong>\u0160ed\u00e1 kamufl\u00e1\u017e tohoto Austeru &nbsp;pat\u0159\u00ed 661. Squardon\u011b &nbsp;RAF kde tento letoun ukon\u010dil svoj\u00ed vojenskou kari\u00e9ru.&nbsp;<\/strong><\/p>\n\n\n\n<p><strong>Auster Mk.V<\/strong>&nbsp; byla posledn\u00ed v\u00e1le\u010dn\u00e1 verze v\u00edce\u00fa\u010delov\u00fdch letadel vyr\u00e1b\u011bn\u00fdch firmou Taylorcraft Aeroplanes (England) Limited. Z\u00e1rove\u0148 prvn\u00ed s vybaven\u00edm pro lety bez vn\u011bj\u0161\u00ed viditelnosti zem\u011b. Prototyp byl zal\u00e9t\u00e1n na konci roku 1943. V\u00fdroba skon\u010dila v lednu 1946 s celkovou produkc\u00ed 791 kus\u016f. Letoun byl vybaven um\u011bl\u00fdm horizontem, sm\u011brov\u00fdm setrva\u010dn\u00edkem a radiostanic\u00ed. Zv\u00fd\u0161en\u00fd odb\u011br elektrick\u00e9 energie si vy\u017e\u00e1dal mont\u00e1\u017e dynama poh\u00e1n\u011bn\u00e9ho n\u00e1porem vzduchu &#8211; mal\u00e1 vrtulka na prav\u00e9m k\u0159\u00eddle. Letoun slou\u017eil k mnoha \u00fa\u010del\u016fm. Nap\u0159\u00edklad sanitn\u00ed verze vy\u017eadovala demont\u00e1\u017e dvou seda\u010dek a instalaci l\u016f\u017eka pro jednoho zran\u011bn\u00e9ho. Nejzaj\u00edmav\u011bj\u0161\u00ed byla asi &nbsp;verze pro vzdu\u0161n\u00e9 pokl\u00e1d\u00e1n\u00ed telefonick\u00e9ho kabelu mezi p\u0159edsunut\u00fdmi stanovi\u0161ti. K tomu vyhovoval sv\u00fdmi parametry &#8211; prostorn\u00e1 kabina pro sadu bubn\u016f s navinut\u00fdm kabelem a hlavn\u011b velmi kr\u00e1tk\u00e1 dr\u00e1ha pro vzlet a p\u0159ist\u00e1n\u00ed. Pro vzlet pot\u0159eboval v nejleh\u010d\u00ed verzi m\u00e9n\u011b ne\u017e 100m travnat\u00e9 plochy.&nbsp;<strong><\/strong><\/p>\n\n\n\n<p>\ufeff<strong>V\u00fdkony<\/strong><\/p>\n\n\n\n<ul class=\"wp-block-list\">\n<li>Pos\u00e1dka: 3<\/li>\n\n\n\n<li>Maxim\u00e1ln\u00ed rychlost: 209 km\/h<\/li>\n\n\n\n<li>P\u00e1dov\u00e1 rychlost: 49 km\/h<\/li>\n\n\n\n<li>Dolet: 402 km nebo 740 km s namontovanou p\u0159\u00eddavnou n\u00e1dr\u017e\u00ed&nbsp;<\/li>\n\n\n\n<li>D\u00e9lka vzletu: 150 m<\/li>\n<\/ul>\n\n\n\n<figure class=\"wp-block-image size-full is-resized\"><img loading=\"lazy\" decoding=\"async\" width=\"254\" height=\"254\" src=\"http:\/\/www.auster.cz\/wp-content\/uploads\/2024\/06\/image-1.png\" alt=\"\" class=\"wp-image-23\" style=\"width:110px;height:auto\" srcset=\"https:\/\/www.auster.cz\/wp-content\/uploads\/2024\/06\/image-1.png 254w, https:\/\/www.auster.cz\/wp-content\/uploads\/2024\/06\/image-1-150x150.png 150w\" sizes=\"auto, (max-width: 254px) 100vw, 254px\" \/><\/figure>\n\n\n\n<p><strong>This Auster Mk.V<\/strong> was manufactured in 1945 and served in the Royal Air Force from August 1945 to November 1953. Initially&nbsp; serving as an observation and recconnaissance<strong>&nbsp;<\/strong> aircraft at the RAF Boscombe Down, and later with the 661. RAF&nbsp; Squadron at Kenley Airfield (The 312 RAF (Czechoslovak) Squadron also operated from this airfield in 1941) From 1954 to 1972, this Auster, registered as G-ANHZ, flew in the livery of the prominent British airline Channel Airways Ltd. Complete aircraft logs from that time have been preserved. The aircraft underwent a complete restoration in Switzerland from 1994 to 2008. Airplane is equipped with a complete set of original instruments and fitted with the original military engine Lycoming O 290-3 from 1945 rated to 130 Hp which drives Horden Richmond two-blade wooden propeller.<\/p>\n\n\n\n<p><strong>The aircraft wears the livery of 661 RAF Squadron&nbsp; &#8211; where it spent most of it\u2018s military career.<\/strong><\/p>\n\n\n\n<p><strong>The Auster Mk.V <\/strong>was the final wartime version of the multipurpose aircraft produced by Taylorcraft Aeroplanes (England) Limited and the first equipped for instrument-flying. The prototype made it\u2019s first flight at the end of 1943. Production finished in January 1946 with a total of 791 airplanes manufactured.<\/p>\n\n\n\n<p>The aircraft was equipped with an artificial horizon, directional gyro, and VHF radio. Increased electrical power demand led to the installation of a dynamo powered by airflow through a small propeller on the right wing. The aircraft served in various modifications, including a medical evacuation conversion that required the removal of two seats and the installation of a stretcher for one person. One of the most interesting roles was conversion for aerial telephone cable laying between forward observation positions. The specious cabin accomodated the set of drums with coiled cable in this case. Fenomenal short takeoff and landing performance with less than 100m of unpaved surface required for takeoff at light weights was well known.<\/p>\n\n\n\n<p><strong>Performance<\/strong><\/p>\n\n\n\n<div class=\"wp-block-group\"><div class=\"wp-block-group__inner-container is-layout-constrained wp-block-group-is-layout-constrained\">\n<ul class=\"wp-block-list\">\n<li>Crew: 3<\/li>\n\n\n\n<li>Maximum speed: 113 kn<\/li>\n\n\n\n<li>Stall speed: 27kn<\/li>\n\n\n\n<li>Range: 220 nmi or 400nmi with an additional tank installed<\/li>\n<\/ul>\n<\/div><\/div>\n\n\n\n<figure class=\"wp-block-gallery has-nested-images columns-default is-cropped wp-block-gallery-1 is-layout-flex wp-block-gallery-is-layout-flex\">\n<figure data-wp-context=\"{&quot;imageId&quot;:&quot;69f4650da910e&quot;}\" data-wp-interactive=\"core\/image\" data-wp-key=\"69f4650da910e\" class=\"wp-block-image size-large wp-lightbox-container\"><img loading=\"lazy\" decoding=\"async\" width=\"866\" height=\"650\" data-wp-class--hide=\"state.isContentHidden\" data-wp-class--show=\"state.isContentVisible\" data-wp-init=\"callbacks.setButtonStyles\" data-wp-on--click=\"actions.showLightbox\" data-wp-on--load=\"callbacks.setButtonStyles\" data-wp-on-window--resize=\"callbacks.setButtonStyles\" data-id=\"37\" src=\"https:\/\/www.auster.cz\/wp-content\/uploads\/2024\/06\/img052272787305.jpg\" alt=\"\" class=\"wp-image-37\" srcset=\"https:\/\/www.auster.cz\/wp-content\/uploads\/2024\/06\/img052272787305.jpg 866w, https:\/\/www.auster.cz\/wp-content\/uploads\/2024\/06\/img052272787305-300x225.jpg 300w, https:\/\/www.auster.cz\/wp-content\/uploads\/2024\/06\/img052272787305-768x576.jpg 768w\" sizes=\"auto, (max-width: 866px) 100vw, 866px\" \/><button\n\t\t\tclass=\"lightbox-trigger\"\n\t\t\ttype=\"button\"\n\t\t\taria-haspopup=\"dialog\"\n\t\t\taria-label=\"Zv\u011bt\u0161it\"\n\t\t\tdata-wp-init=\"callbacks.initTriggerButton\"\n\t\t\tdata-wp-on--click=\"actions.showLightbox\"\n\t\t\tdata-wp-style--right=\"state.imageButtonRight\"\n\t\t\tdata-wp-style--top=\"state.imageButtonTop\"\n\t\t>\n\t\t\t<svg xmlns=\"http:\/\/www.w3.org\/2000\/svg\" width=\"12\" height=\"12\" fill=\"none\" viewBox=\"0 0 12 12\">\n\t\t\t\t<path fill=\"#fff\" d=\"M2 0a2 2 0 0 0-2 2v2h1.5V2a.5.5 0 0 1 .5-.5h2V0H2Zm2 10.5H2a.5.5 0 0 1-.5-.5V8H0v2a2 2 0 0 0 2 2h2v-1.5ZM8 12v-1.5h2a.5.5 0 0 0 .5-.5V8H12v2a2 2 0 0 1-2 2H8Zm2-12a2 2 0 0 1 2 2v2h-1.5V2a.5.5 0 0 0-.5-.5H8V0h2Z\" \/>\n\t\t\t<\/svg>\n\t\t<\/button><\/figure>\n\n\n\n<figure data-wp-context=\"{&quot;imageId&quot;:&quot;69f4650da9816&quot;}\" data-wp-interactive=\"core\/image\" data-wp-key=\"69f4650da9816\" class=\"wp-block-image size-large wp-lightbox-container\"><img loading=\"lazy\" decoding=\"async\" width=\"866\" height=\"650\" data-wp-class--hide=\"state.isContentHidden\" data-wp-class--show=\"state.isContentVisible\" data-wp-init=\"callbacks.setButtonStyles\" data-wp-on--click=\"actions.showLightbox\" data-wp-on--load=\"callbacks.setButtonStyles\" data-wp-on-window--resize=\"callbacks.setButtonStyles\" data-id=\"38\" src=\"https:\/\/www.auster.cz\/wp-content\/uploads\/2024\/06\/img064472200644.jpg\" alt=\"\" class=\"wp-image-38\" srcset=\"https:\/\/www.auster.cz\/wp-content\/uploads\/2024\/06\/img064472200644.jpg 866w, https:\/\/www.auster.cz\/wp-content\/uploads\/2024\/06\/img064472200644-300x225.jpg 300w, https:\/\/www.auster.cz\/wp-content\/uploads\/2024\/06\/img064472200644-768x576.jpg 768w\" sizes=\"auto, (max-width: 866px) 100vw, 866px\" \/><button\n\t\t\tclass=\"lightbox-trigger\"\n\t\t\ttype=\"button\"\n\t\t\taria-haspopup=\"dialog\"\n\t\t\taria-label=\"Zv\u011bt\u0161it\"\n\t\t\tdata-wp-init=\"callbacks.initTriggerButton\"\n\t\t\tdata-wp-on--click=\"actions.showLightbox\"\n\t\t\tdata-wp-style--right=\"state.imageButtonRight\"\n\t\t\tdata-wp-style--top=\"state.imageButtonTop\"\n\t\t>\n\t\t\t<svg xmlns=\"http:\/\/www.w3.org\/2000\/svg\" width=\"12\" height=\"12\" fill=\"none\" viewBox=\"0 0 12 12\">\n\t\t\t\t<path fill=\"#fff\" d=\"M2 0a2 2 0 0 0-2 2v2h1.5V2a.5.5 0 0 1 .5-.5h2V0H2Zm2 10.5H2a.5.5 0 0 1-.5-.5V8H0v2a2 2 0 0 0 2 2h2v-1.5ZM8 12v-1.5h2a.5.5 0 0 0 .5-.5V8H12v2a2 2 0 0 1-2 2H8Zm2-12a2 2 0 0 1 2 2v2h-1.5V2a.5.5 0 0 0-.5-.5H8V0h2Z\" \/>\n\t\t\t<\/svg>\n\t\t<\/button><\/figure>\n\n\n\n<figure data-wp-context=\"{&quot;imageId&quot;:&quot;69f4650da9e0e&quot;}\" data-wp-interactive=\"core\/image\" data-wp-key=\"69f4650da9e0e\" class=\"wp-block-image size-large wp-lightbox-container\"><img loading=\"lazy\" decoding=\"async\" width=\"650\" height=\"866\" data-wp-class--hide=\"state.isContentHidden\" data-wp-class--show=\"state.isContentVisible\" data-wp-init=\"callbacks.setButtonStyles\" data-wp-on--click=\"actions.showLightbox\" data-wp-on--load=\"callbacks.setButtonStyles\" data-wp-on-window--resize=\"callbacks.setButtonStyles\" data-id=\"39\" src=\"https:\/\/www.auster.cz\/wp-content\/uploads\/2024\/06\/img078618225656.jpg\" alt=\"\" class=\"wp-image-39\" srcset=\"https:\/\/www.auster.cz\/wp-content\/uploads\/2024\/06\/img078618225656.jpg 650w, https:\/\/www.auster.cz\/wp-content\/uploads\/2024\/06\/img078618225656-225x300.jpg 225w\" sizes=\"auto, (max-width: 650px) 100vw, 650px\" \/><button\n\t\t\tclass=\"lightbox-trigger\"\n\t\t\ttype=\"button\"\n\t\t\taria-haspopup=\"dialog\"\n\t\t\taria-label=\"Zv\u011bt\u0161it\"\n\t\t\tdata-wp-init=\"callbacks.initTriggerButton\"\n\t\t\tdata-wp-on--click=\"actions.showLightbox\"\n\t\t\tdata-wp-style--right=\"state.imageButtonRight\"\n\t\t\tdata-wp-style--top=\"state.imageButtonTop\"\n\t\t>\n\t\t\t<svg xmlns=\"http:\/\/www.w3.org\/2000\/svg\" width=\"12\" height=\"12\" fill=\"none\" viewBox=\"0 0 12 12\">\n\t\t\t\t<path fill=\"#fff\" d=\"M2 0a2 2 0 0 0-2 2v2h1.5V2a.5.5 0 0 1 .5-.5h2V0H2Zm2 10.5H2a.5.5 0 0 1-.5-.5V8H0v2a2 2 0 0 0 2 2h2v-1.5ZM8 12v-1.5h2a.5.5 0 0 0 .5-.5V8H12v2a2 2 0 0 1-2 2H8Zm2-12a2 2 0 0 1 2 2v2h-1.5V2a.5.5 0 0 0-.5-.5H8V0h2Z\" \/>\n\t\t\t<\/svg>\n\t\t<\/button><\/figure>\n\n\n\n<figure data-wp-context=\"{&quot;imageId&quot;:&quot;69f4650daa3ca&quot;}\" data-wp-interactive=\"core\/image\" data-wp-key=\"69f4650daa3ca\" class=\"wp-block-image size-large wp-lightbox-container\"><img loading=\"lazy\" decoding=\"async\" width=\"866\" height=\"650\" data-wp-class--hide=\"state.isContentHidden\" data-wp-class--show=\"state.isContentVisible\" data-wp-init=\"callbacks.setButtonStyles\" data-wp-on--click=\"actions.showLightbox\" data-wp-on--load=\"callbacks.setButtonStyles\" data-wp-on-window--resize=\"callbacks.setButtonStyles\" data-id=\"40\" src=\"https:\/\/www.auster.cz\/wp-content\/uploads\/2024\/06\/img085516013435.jpg\" alt=\"\" class=\"wp-image-40\" srcset=\"https:\/\/www.auster.cz\/wp-content\/uploads\/2024\/06\/img085516013435.jpg 866w, https:\/\/www.auster.cz\/wp-content\/uploads\/2024\/06\/img085516013435-300x225.jpg 300w, https:\/\/www.auster.cz\/wp-content\/uploads\/2024\/06\/img085516013435-768x576.jpg 768w\" sizes=\"auto, (max-width: 866px) 100vw, 866px\" \/><button\n\t\t\tclass=\"lightbox-trigger\"\n\t\t\ttype=\"button\"\n\t\t\taria-haspopup=\"dialog\"\n\t\t\taria-label=\"Zv\u011bt\u0161it\"\n\t\t\tdata-wp-init=\"callbacks.initTriggerButton\"\n\t\t\tdata-wp-on--click=\"actions.showLightbox\"\n\t\t\tdata-wp-style--right=\"state.imageButtonRight\"\n\t\t\tdata-wp-style--top=\"state.imageButtonTop\"\n\t\t>\n\t\t\t<svg xmlns=\"http:\/\/www.w3.org\/2000\/svg\" width=\"12\" height=\"12\" fill=\"none\" viewBox=\"0 0 12 12\">\n\t\t\t\t<path fill=\"#fff\" d=\"M2 0a2 2 0 0 0-2 2v2h1.5V2a.5.5 0 0 1 .5-.5h2V0H2Zm2 10.5H2a.5.5 0 0 1-.5-.5V8H0v2a2 2 0 0 0 2 2h2v-1.5ZM8 12v-1.5h2a.5.5 0 0 0 .5-.5V8H12v2a2 2 0 0 1-2 2H8Zm2-12a2 2 0 0 1 2 2v2h-1.5V2a.5.5 0 0 0-.5-.5H8V0h2Z\" \/>\n\t\t\t<\/svg>\n\t\t<\/button><\/figure>\n<\/figure>\n\n\n\n<figure class=\"wp-block-gallery has-nested-images columns-default is-cropped wp-block-gallery-2 is-layout-flex wp-block-gallery-is-layout-flex\">\n<figure data-wp-context=\"{&quot;imageId&quot;:&quot;69f4650daacbb&quot;}\" data-wp-interactive=\"core\/image\" data-wp-key=\"69f4650daacbb\" class=\"wp-block-image size-large wp-lightbox-container\"><img loading=\"lazy\" decoding=\"async\" width=\"1024\" height=\"700\" data-wp-class--hide=\"state.isContentHidden\" data-wp-class--show=\"state.isContentVisible\" data-wp-init=\"callbacks.setButtonStyles\" data-wp-on--click=\"actions.showLightbox\" data-wp-on--load=\"callbacks.setButtonStyles\" data-wp-on-window--resize=\"callbacks.setButtonStyles\" data-id=\"44\" src=\"https:\/\/www.auster.cz\/wp-content\/uploads\/2024\/06\/0433810-1024x700.jpg\" alt=\"\" class=\"wp-image-44\" srcset=\"https:\/\/www.auster.cz\/wp-content\/uploads\/2024\/06\/0433810-1024x700.jpg 1024w, https:\/\/www.auster.cz\/wp-content\/uploads\/2024\/06\/0433810-300x205.jpg 300w, https:\/\/www.auster.cz\/wp-content\/uploads\/2024\/06\/0433810-768x525.jpg 768w, https:\/\/www.auster.cz\/wp-content\/uploads\/2024\/06\/0433810-135x93.jpg 135w, https:\/\/www.auster.cz\/wp-content\/uploads\/2024\/06\/0433810.jpg 1500w\" sizes=\"auto, (max-width: 1024px) 100vw, 1024px\" \/><button\n\t\t\tclass=\"lightbox-trigger\"\n\t\t\ttype=\"button\"\n\t\t\taria-haspopup=\"dialog\"\n\t\t\taria-label=\"Zv\u011bt\u0161it\"\n\t\t\tdata-wp-init=\"callbacks.initTriggerButton\"\n\t\t\tdata-wp-on--click=\"actions.showLightbox\"\n\t\t\tdata-wp-style--right=\"state.imageButtonRight\"\n\t\t\tdata-wp-style--top=\"state.imageButtonTop\"\n\t\t>\n\t\t\t<svg xmlns=\"http:\/\/www.w3.org\/2000\/svg\" width=\"12\" height=\"12\" fill=\"none\" viewBox=\"0 0 12 12\">\n\t\t\t\t<path fill=\"#fff\" d=\"M2 0a2 2 0 0 0-2 2v2h1.5V2a.5.5 0 0 1 .5-.5h2V0H2Zm2 10.5H2a.5.5 0 0 1-.5-.5V8H0v2a2 2 0 0 0 2 2h2v-1.5ZM8 12v-1.5h2a.5.5 0 0 0 .5-.5V8H12v2a2 2 0 0 1-2 2H8Zm2-12a2 2 0 0 1 2 2v2h-1.5V2a.5.5 0 0 0-.5-.5H8V0h2Z\" \/>\n\t\t\t<\/svg>\n\t\t<\/button><\/figure>\n\n\n\n<figure data-wp-context=\"{&quot;imageId&quot;:&quot;69f4650dab2f4&quot;}\" data-wp-interactive=\"core\/image\" data-wp-key=\"69f4650dab2f4\" class=\"wp-block-image size-large wp-lightbox-container\"><img loading=\"lazy\" decoding=\"async\" width=\"1024\" height=\"682\" data-wp-class--hide=\"state.isContentHidden\" data-wp-class--show=\"state.isContentVisible\" data-wp-init=\"callbacks.setButtonStyles\" data-wp-on--click=\"actions.showLightbox\" data-wp-on--load=\"callbacks.setButtonStyles\" data-wp-on-window--resize=\"callbacks.setButtonStyles\" data-id=\"46\" src=\"https:\/\/www.auster.cz\/wp-content\/uploads\/2024\/06\/1597936-large-1024x682.jpg\" alt=\"\" class=\"wp-image-46\" srcset=\"https:\/\/www.auster.cz\/wp-content\/uploads\/2024\/06\/1597936-large-1024x682.jpg 1024w, https:\/\/www.auster.cz\/wp-content\/uploads\/2024\/06\/1597936-large-300x200.jpg 300w, https:\/\/www.auster.cz\/wp-content\/uploads\/2024\/06\/1597936-large-768x512.jpg 768w, https:\/\/www.auster.cz\/wp-content\/uploads\/2024\/06\/1597936-large.jpg 1256w\" sizes=\"auto, (max-width: 1024px) 100vw, 1024px\" \/><button\n\t\t\tclass=\"lightbox-trigger\"\n\t\t\ttype=\"button\"\n\t\t\taria-haspopup=\"dialog\"\n\t\t\taria-label=\"Zv\u011bt\u0161it\"\n\t\t\tdata-wp-init=\"callbacks.initTriggerButton\"\n\t\t\tdata-wp-on--click=\"actions.showLightbox\"\n\t\t\tdata-wp-style--right=\"state.imageButtonRight\"\n\t\t\tdata-wp-style--top=\"state.imageButtonTop\"\n\t\t>\n\t\t\t<svg xmlns=\"http:\/\/www.w3.org\/2000\/svg\" width=\"12\" height=\"12\" fill=\"none\" viewBox=\"0 0 12 12\">\n\t\t\t\t<path fill=\"#fff\" d=\"M2 0a2 2 0 0 0-2 2v2h1.5V2a.5.5 0 0 1 .5-.5h2V0H2Zm2 10.5H2a.5.5 0 0 1-.5-.5V8H0v2a2 2 0 0 0 2 2h2v-1.5ZM8 12v-1.5h2a.5.5 0 0 0 .5-.5V8H12v2a2 2 0 0 1-2 2H8Zm2-12a2 2 0 0 1 2 2v2h-1.5V2a.5.5 0 0 0-.5-.5H8V0h2Z\" \/>\n\t\t\t<\/svg>\n\t\t<\/button><\/figure>\n\n\n\n<figure data-wp-context=\"{&quot;imageId&quot;:&quot;69f4650dab802&quot;}\" data-wp-interactive=\"core\/image\" data-wp-key=\"69f4650dab802\" class=\"wp-block-image size-large wp-lightbox-container\"><img loading=\"lazy\" decoding=\"async\" width=\"1024\" height=\"682\" data-wp-class--hide=\"state.isContentHidden\" data-wp-class--show=\"state.isContentVisible\" data-wp-init=\"callbacks.setButtonStyles\" data-wp-on--click=\"actions.showLightbox\" data-wp-on--load=\"callbacks.setButtonStyles\" data-wp-on-window--resize=\"callbacks.setButtonStyles\" data-id=\"45\" src=\"https:\/\/www.auster.cz\/wp-content\/uploads\/2024\/06\/1327054-large.jpg\" alt=\"\" class=\"wp-image-45\" srcset=\"https:\/\/www.auster.cz\/wp-content\/uploads\/2024\/06\/1327054-large.jpg 1024w, https:\/\/www.auster.cz\/wp-content\/uploads\/2024\/06\/1327054-large-300x200.jpg 300w, https:\/\/www.auster.cz\/wp-content\/uploads\/2024\/06\/1327054-large-768x512.jpg 768w\" sizes=\"auto, (max-width: 1024px) 100vw, 1024px\" \/><button\n\t\t\tclass=\"lightbox-trigger\"\n\t\t\ttype=\"button\"\n\t\t\taria-haspopup=\"dialog\"\n\t\t\taria-label=\"Zv\u011bt\u0161it\"\n\t\t\tdata-wp-init=\"callbacks.initTriggerButton\"\n\t\t\tdata-wp-on--click=\"actions.showLightbox\"\n\t\t\tdata-wp-style--right=\"state.imageButtonRight\"\n\t\t\tdata-wp-style--top=\"state.imageButtonTop\"\n\t\t>\n\t\t\t<svg xmlns=\"http:\/\/www.w3.org\/2000\/svg\" width=\"12\" height=\"12\" fill=\"none\" viewBox=\"0 0 12 12\">\n\t\t\t\t<path fill=\"#fff\" d=\"M2 0a2 2 0 0 0-2 2v2h1.5V2a.5.5 0 0 1 .5-.5h2V0H2Zm2 10.5H2a.5.5 0 0 1-.5-.5V8H0v2a2 2 0 0 0 2 2h2v-1.5ZM8 12v-1.5h2a.5.5 0 0 0 .5-.5V8H12v2a2 2 0 0 1-2 2H8Zm2-12a2 2 0 0 1 2 2v2h-1.5V2a.5.5 0 0 0-.5-.5H8V0h2Z\" \/>\n\t\t\t<\/svg>\n\t\t<\/button><\/figure>\n<\/figure>\n","protected":false},"excerpt":{"rendered":"<p>OK &#8211; BTA &nbsp;ex RAF TW 384 Tento Auster Mk.V byl vyroben\u00fd v roce 1945. Ve slu\u017eb\u00e1ch Royal Air Force &nbsp;slou\u017eil od srpna 1945 do listopadu 1953. Nejd\u0159\u00edve l\u00e9tal jako &hellip; <\/p>\n","protected":false},"author":1,"featured_media":24,"parent":0,"menu_order":0,"comment_status":"closed","ping_status":"closed","template":"","meta":{"footnotes":""},"class_list":["post-134","page","type-page","status-publish","has-post-thumbnail","hentry"],"_links":{"self":[{"href":"https:\/\/www.auster.cz\/index.php?rest_route=\/wp\/v2\/pages\/134","targetHints":{"allow":["GET"]}}],"collection":[{"href":"https:\/\/www.auster.cz\/index.php?rest_route=\/wp\/v2\/pages"}],"about":[{"href":"https:\/\/www.auster.cz\/index.php?rest_route=\/wp\/v2\/types\/page"}],"author":[{"embeddable":true,"href":"https:\/\/www.auster.cz\/index.php?rest_route=\/wp\/v2\/users\/1"}],"replies":[{"embeddable":true,"href":"https:\/\/www.auster.cz\/index.php?rest_route=%2Fwp%2Fv2%2Fcomments&post=134"}],"version-history":[{"count":2,"href":"https:\/\/www.auster.cz\/index.php?rest_route=\/wp\/v2\/pages\/134\/revisions"}],"predecessor-version":[{"id":142,"href":"https:\/\/www.auster.cz\/index.php?rest_route=\/wp\/v2\/pages\/134\/revisions\/142"}],"wp:featuredmedia":[{"embeddable":true,"href":"https:\/\/www.auster.cz\/index.php?rest_route=\/wp\/v2\/media\/24"}],"wp:attachment":[{"href":"https:\/\/www.auster.cz\/index.php?rest_route=%2Fwp%2Fv2%2Fmedia&parent=134"}],"curies":[{"name":"wp","href":"https:\/\/api.w.org\/{rel}","templated":true}]}}