{"id":166,"date":"2025-08-25T14:49:10","date_gmt":"2025-08-25T14:49:10","guid":{"rendered":"https:\/\/www.auster.cz\/?page_id=166"},"modified":"2025-08-25T14:49:11","modified_gmt":"2025-08-25T14:49:11","slug":"vyhlidkove-lety","status":"publish","type":"page","link":"https:\/\/www.auster.cz\/?page_id=166","title":{"rendered":"Vyhl\u00eddkov\u00e9 lety"},"content":{"rendered":"\n<p>Let ve sportovn\u00edm letadle je neopakovateln\u00fd z\u00e1\u017eitek. Let v historick\u00e9m letounu, kter\u00fd slou\u017eil v RAF u\u017e ve druh\u00e9 sv\u011btov\u00e9 v\u00e1lce je n\u011bco, co si budete pamatovat cel\u00fd \u017eivot. Nav\u00edc, t\u011bchto p\u0159\u00edle\u017eitost\u00ed je celosv\u011btov\u011b velmi m\u00e1lo\u2026<\/p>\n\n\n\n<p><br>Bude n\u00e1m pot\u011b\u0161en\u00edm prolet\u011bt se s V\u00e1mi v na\u0161em stroji, popov\u00eddat si o jeho historii, nebo t\u0159eba obecn\u011b o historii civiln\u00edho nebo druhov\u00e1le\u010dn\u00e9ho letectv\u00ed. Nikam nesp\u011bch\u00e1me. Auster vznikl v dob\u00e1ch, kdy se sp\u011bchalo pomalu.<\/p>\n\n\n\n<p><br>M\u016f\u017eete p\u0159ijet za n\u00e1mi do Rakovn\u00edka, nebo my p\u0159ilet\u00edme za v\u00e1mi. V\u0161e je na domluv\u011b.<\/p>\n\n\n<div class=\"wp-block-image\">\n<figure class=\"aligncenter size-large\"><a href=\"https:\/\/www.auster.cz\/wp-content\/uploads\/2025\/08\/image.png\"><img loading=\"lazy\" decoding=\"async\" width=\"1024\" height=\"754\" src=\"https:\/\/www.auster.cz\/wp-content\/uploads\/2025\/08\/image-1024x754.png\" alt=\"\" class=\"wp-image-169\" srcset=\"https:\/\/www.auster.cz\/wp-content\/uploads\/2025\/08\/image-1024x754.png 1024w, https:\/\/www.auster.cz\/wp-content\/uploads\/2025\/08\/image-300x221.png 300w, https:\/\/www.auster.cz\/wp-content\/uploads\/2025\/08\/image-768x566.png 768w, https:\/\/www.auster.cz\/wp-content\/uploads\/2025\/08\/image.png 1119w\" sizes=\"auto, (max-width: 1024px) 100vw, 1024px\" \/><\/a><\/figure>\n<\/div>\n\n\n<p>Z\u00e1kladn\u00ed cena p\u0159i letu z leti\u0161t\u011b Rakovn\u00edk je 2500 k\u010d za 20 minut letu.<\/p>\n\n\n\n<p>(Cesta na leti\u0161t\u011b, p\u0159\u00edprava a \u00faklid letadla n\u00e1m zabere n\u011bkolik hodin, tak\u017ee p\u0159edpokl\u00e1d\u00e1me v jednom letov\u00e9m dnu minim\u00e1ln\u011b jednu letovou hodinu)<\/p>\n\n\n\n<figure class=\"wp-block-image size-large\"><img loading=\"lazy\" decoding=\"async\" width=\"1024\" height=\"683\" src=\"https:\/\/www.auster.cz\/wp-content\/uploads\/2025\/08\/image0-1024x683.jpeg\" alt=\"\" class=\"wp-image-167\" srcset=\"https:\/\/www.auster.cz\/wp-content\/uploads\/2025\/08\/image0-1024x683.jpeg 1024w, https:\/\/www.auster.cz\/wp-content\/uploads\/2025\/08\/image0-300x200.jpeg 300w, https:\/\/www.auster.cz\/wp-content\/uploads\/2025\/08\/image0-768x512.jpeg 768w, https:\/\/www.auster.cz\/wp-content\/uploads\/2025\/08\/image0-1536x1024.jpeg 1536w, https:\/\/www.auster.cz\/wp-content\/uploads\/2025\/08\/image0.jpeg 1920w\" sizes=\"auto, (max-width: 1024px) 100vw, 1024px\" \/><\/figure>\n","protected":false},"excerpt":{"rendered":"<p>Let ve sportovn\u00edm letadle je neopakovateln\u00fd z\u00e1\u017eitek. Let v historick\u00e9m letounu, kter\u00fd slou\u017eil v RAF u\u017e ve druh\u00e9 sv\u011btov\u00e9 v\u00e1lce je n\u011bco, co si budete pamatovat cel\u00fd \u017eivot. Nav\u00edc, t\u011bchto &hellip; <\/p>\n","protected":false},"author":1,"featured_media":0,"parent":0,"menu_order":0,"comment_status":"closed","ping_status":"closed","template":"","meta":{"footnotes":""},"class_list":["post-166","page","type-page","status-publish","hentry"],"_links":{"self":[{"href":"https:\/\/www.auster.cz\/index.php?rest_route=\/wp\/v2\/pages\/166","targetHints":{"allow":["GET"]}}],"collection":[{"href":"https:\/\/www.auster.cz\/index.php?rest_route=\/wp\/v2\/pages"}],"about":[{"href":"https:\/\/www.auster.cz\/index.php?rest_route=\/wp\/v2\/types\/page"}],"author":[{"embeddable":true,"href":"https:\/\/www.auster.cz\/index.php?rest_route=\/wp\/v2\/users\/1"}],"replies":[{"embeddable":true,"href":"https:\/\/www.auster.cz\/index.php?rest_route=%2Fwp%2Fv2%2Fcomments&post=166"}],"version-history":[{"count":1,"href":"https:\/\/www.auster.cz\/index.php?rest_route=\/wp\/v2\/pages\/166\/revisions"}],"predecessor-version":[{"id":170,"href":"https:\/\/www.auster.cz\/index.php?rest_route=\/wp\/v2\/pages\/166\/revisions\/170"}],"wp:attachment":[{"href":"https:\/\/www.auster.cz\/index.php?rest_route=%2Fwp%2Fv2%2Fmedia&parent=166"}],"curies":[{"name":"wp","href":"https:\/\/api.w.org\/{rel}","templated":true}]}}