{"id":190,"date":"2025-08-25T15:27:16","date_gmt":"2025-08-25T15:27:16","guid":{"rendered":"https:\/\/www.auster.cz\/?page_id=190"},"modified":"2025-08-25T15:29:55","modified_gmt":"2025-08-25T15:29:55","slug":"proc-auster-na-ceskem-nebi","status":"publish","type":"page","link":"https:\/\/www.auster.cz\/?page_id=190","title":{"rendered":"Pro\u010d Auster na \u010desk\u00e9m nebi?"},"content":{"rendered":"\n<p>M\u00e1lokdo nezn\u00e1 Spitfire nebo Huricane. Ale m\u00e1lokdo zn\u00e1 Auster. Tedy v zem\u00edch b\u00fdval\u00e9ho v\u00fdchodn\u00edho bloku. <\/p>\n\n\n\n<p>Ale Auster je\u00a0 fenom\u00e9n, hlavn\u011b v zem\u00edch Commonwealthu.<\/p>\n\n\n\n<p>Ka\u017ed\u00e1 \u010ds. st\u00edhac\u00ed peru\u0165 v Brit\u00e1nii m\u011bla jeden Auster pro sv\u00e9 pot\u0159eby a t\u00edm se t\u0159i kusy tohoto typu dostaly po druh\u00e9 sv\u011btov\u00e9 v\u00e1lce spole\u010dn\u011b se Spitfiry i do \u010deskoslovensk\u00e9ho letectva, kde slou\u017eily a\u017e do roku 1948. Proto si mysl\u00edme, \u017ee Auster na \u010desk\u00e9 nebe pat\u0159\u00ed!<\/p>\n\n\n\n<p>Letouny Auster hr\u00e1ly v\u00fdznamnou roli ve v\u00e1le\u010dn\u00e9m a pov\u00e1le\u010dn\u00e9m letectv\u00ed. V\u00fdhodou t\u011bchto letoun\u016f je prostorn\u00e1 kabina se sedadly vedle sebe, robustn\u00ed konstrukce a v\u00fdkonn\u00fd motor. M\u00e1lokter\u00fd letou na sv\u011bt\u011b byl a je tak univerz\u00e1ln\u00ed jako Auster. <\/p>\n\n\n<div class=\"wp-block-image\">\n<figure class=\"aligncenter size-full\"><a href=\"https:\/\/www.auster.cz\/wp-content\/uploads\/2025\/08\/image-2.png\"><img loading=\"lazy\" decoding=\"async\" width=\"855\" height=\"385\" src=\"https:\/\/www.auster.cz\/wp-content\/uploads\/2025\/08\/image-2.png\" alt=\"\" class=\"wp-image-192\" srcset=\"https:\/\/www.auster.cz\/wp-content\/uploads\/2025\/08\/image-2.png 855w, https:\/\/www.auster.cz\/wp-content\/uploads\/2025\/08\/image-2-300x135.png 300w, https:\/\/www.auster.cz\/wp-content\/uploads\/2025\/08\/image-2-768x346.png 768w\" sizes=\"auto, (max-width: 855px) 100vw, 855px\" \/><\/a><\/figure>\n<\/div>\n\n\n<p>Ve t\u0159ic\u00e1t\u00fdch letech minul\u00e9ho stolet\u00ed, v dob\u011b p\u0159ekotn\u00e9ho rozvoje letectv\u00ed, vznikla v USA firma Taylorcraft vyr\u00e1b\u011bj\u00edc\u00ed turistick\u00e9 hornoplo\u0161n\u00edky s pom\u011brn\u011b slab\u00fdmi motory. Ty se posl\u00e9ze za\u010daly vyr\u00e1b\u011bt licen\u010dn\u011b ve Velk\u00e9 Brit\u00e1nii. Firma vyr\u00e1b\u011bj\u00edc\u00ed tyto letouny se p\u0159ejmenovala na Auster. Ve v\u00e1le\u010dn\u00e9 dob\u011b se zv\u011bt\u0161ila kabina i v\u00fdkon motoru.&nbsp; To umo\u017enilo fenomen\u00e1ln\u00ed vyu\u017eit\u00ed pro r\u016fzn\u00e9 \u00fa\u010dely. <\/p>\n\n\n<div class=\"wp-block-image\">\n<figure class=\"aligncenter size-full\"><a href=\"https:\/\/www.auster.cz\/wp-content\/uploads\/2025\/08\/image-1.png\"><img loading=\"lazy\" decoding=\"async\" width=\"550\" height=\"541\" src=\"https:\/\/www.auster.cz\/wp-content\/uploads\/2025\/08\/image-1.png\" alt=\"\" class=\"wp-image-191\" srcset=\"https:\/\/www.auster.cz\/wp-content\/uploads\/2025\/08\/image-1.png 550w, https:\/\/www.auster.cz\/wp-content\/uploads\/2025\/08\/image-1-300x295.png 300w\" sizes=\"auto, (max-width: 550px) 100vw, 550px\" \/><\/a><\/figure>\n<\/div>\n\n\n<p>Po druh\u00e9 sv\u011btov\u00e9 v\u00e1lce byly tyto letouny, kter\u00fdch slou\u017eilo v RAF mnoho set kus\u016f, \u010d\u00e1ste\u010dn\u011b prod\u00e1ny do arm\u00e1d jin\u00fdch zem\u00ed, \u010d\u00e1ste\u010dn\u011b ponech\u00e1ny pro pot\u0159eby RAF a zbyl\u00e9 postupn\u011b demobilizov\u00e1ny a v\u00fdrobn\u00edm z\u00e1vodem p\u0159estav\u011bny pro civiln\u00ed pot\u0159ebu. V\u00fdrobn\u00ed podnik st\u00e1le produkoval nov\u00e9 letouny a to jak pro civiln\u00ed tak pro vojensk\u00e9 \u00fa\u010dely. Austery se staly p\u00e1te\u0159\u00ed obnovovan\u00e9ho priv\u00e1tn\u00edho letectv\u00ed nejen ve Velk\u00e9 Brit\u00e1nii. Byly vyu\u017e\u00edv\u00e1ny pro v\u00fdcvik nov\u00fdch pilot\u016f, p\u0159epravu zbo\u017e\u00ed a pasa\u017e\u00e9r\u016f, vlek\u00e1n\u00ed v\u011btro\u0148\u016f, v\u00fdsadky para\u0161utist\u016f,&nbsp; zem\u011bd\u011blsk\u00e9 pr\u00e1ce, ale i k v\u00fdcviku a l\u00e9t\u00e1n\u00ed leteck\u00e9 akrobacie. Slou\u017eily v arm\u00e1d\u00e1ch \u0161estn\u00e1cti zem\u00ed po cel\u00e9m sv\u011bt\u011b.<\/p>\n\n\n<div class=\"wp-block-image\">\n<figure class=\"aligncenter size-large\"><a href=\"https:\/\/www.auster.cz\/wp-content\/uploads\/2024\/07\/IMG_1376.jpg\"><img loading=\"lazy\" decoding=\"async\" width=\"1024\" height=\"682\" src=\"http:\/\/www.auster.cz\/wp-content\/uploads\/2024\/07\/IMG_1376-1024x682.jpg\" alt=\"\" class=\"wp-image-110\" srcset=\"https:\/\/www.auster.cz\/wp-content\/uploads\/2024\/07\/IMG_1376-1024x682.jpg 1024w, https:\/\/www.auster.cz\/wp-content\/uploads\/2024\/07\/IMG_1376-300x200.jpg 300w, https:\/\/www.auster.cz\/wp-content\/uploads\/2024\/07\/IMG_1376-768x512.jpg 768w, https:\/\/www.auster.cz\/wp-content\/uploads\/2024\/07\/IMG_1376-1536x1024.jpg 1536w, https:\/\/www.auster.cz\/wp-content\/uploads\/2024\/07\/IMG_1376-2048x1365.jpg 2048w\" sizes=\"auto, (max-width: 1024px) 100vw, 1024px\" \/><\/a><\/figure>\n<\/div>","protected":false},"excerpt":{"rendered":"<p>M\u00e1lokdo nezn\u00e1 Spitfire nebo Huricane. Ale m\u00e1lokdo zn\u00e1 Auster. Tedy v zem\u00edch b\u00fdval\u00e9ho v\u00fdchodn\u00edho bloku. Ale Auster je\u00a0 fenom\u00e9n, hlavn\u011b v zem\u00edch Commonwealthu. Ka\u017ed\u00e1 \u010ds. st\u00edhac\u00ed peru\u0165 v Brit\u00e1nii m\u011bla &hellip; <\/p>\n","protected":false},"author":1,"featured_media":0,"parent":0,"menu_order":0,"comment_status":"closed","ping_status":"closed","template":"","meta":{"footnotes":""},"class_list":["post-190","page","type-page","status-publish","hentry"],"_links":{"self":[{"href":"https:\/\/www.auster.cz\/index.php?rest_route=\/wp\/v2\/pages\/190","targetHints":{"allow":["GET"]}}],"collection":[{"href":"https:\/\/www.auster.cz\/index.php?rest_route=\/wp\/v2\/pages"}],"about":[{"href":"https:\/\/www.auster.cz\/index.php?rest_route=\/wp\/v2\/types\/page"}],"author":[{"embeddable":true,"href":"https:\/\/www.auster.cz\/index.php?rest_route=\/wp\/v2\/users\/1"}],"replies":[{"embeddable":true,"href":"https:\/\/www.auster.cz\/index.php?rest_route=%2Fwp%2Fv2%2Fcomments&post=190"}],"version-history":[{"count":3,"href":"https:\/\/www.auster.cz\/index.php?rest_route=\/wp\/v2\/pages\/190\/revisions"}],"predecessor-version":[{"id":196,"href":"https:\/\/www.auster.cz\/index.php?rest_route=\/wp\/v2\/pages\/190\/revisions\/196"}],"wp:attachment":[{"href":"https:\/\/www.auster.cz\/index.php?rest_route=%2Fwp%2Fv2%2Fmedia&parent=190"}],"curies":[{"name":"wp","href":"https:\/\/api.w.org\/{rel}","templated":true}]}}